{"id":652,"date":"2022-02-01T19:24:40","date_gmt":"2022-02-01T19:24:40","guid":{"rendered":"https:\/\/elearning.uaifa.org\/?post_type=product&#038;p=652"},"modified":"2022-07-01T01:23:28","modified_gmt":"2022-07-01T01:23:28","slug":"diploma-en-storytelling-y-brand-storytelling","status":"publish","type":"product","link":"https:\/\/elearning.uaifa.org\/en\/product\/diploma-en-storytelling-y-brand-storytelling\/","title":{"rendered":"Diploma en Storytelling y Brand Storytelling"},"content":{"rendered":"<p>contenido<\/p>\n","protected":false},"excerpt":{"rendered":"<p>excerpt<\/p>\n","protected":false},"author":3,"featured_media":0,"comment_status":"open","ping_status":"closed","template":"","meta":{"_acf_changed":false,"footnotes":""},"categories":[16],"class_list":["post-652","product","type-product","status-publish","hentry","category-producto-claeh-en"],"acf":{"external_id":"1245","titulo_curso":"Diploma en Storytelling y Brand Storytelling","precio":"","impartido_en":"Castellano","id_magento":"21","hubspot_product_id":"59311930","imagen_destacada":"https:\/\/static.capabiliaserver.com\/frontend\/clients\/claeh\/wp_dev\/wp-content\/uploads\/15259430-diplomado-en-storytelling-y-brand-storytelling.jpg.jpg","header_image":"https:\/\/static.capabiliaserver.com\/frontend\/clients\/claeh\/wp_dev\/wp-content\/uploads\/15259430-diplomado-en-storytelling-y-brand-storytelling.jpg.jpg","precio_en_cuotas":"","precio_de_lista":"","promocion_vigente":"","duracion_del_curso":"4 meses","tipo_de_programa":"Educaci\u00f3n Continua ","fecha_de_inicio":"","segunda_fecha_de_inicio":"","zona_horaria":"America\/Los_Angeles","nivel_del_curso":"B\u00e1sico","modalidad":"100% online","dedicacion":"","contenido":"<p>El Storytelling es una de las principales herramientas a la hora de vincularse con la audiencia objetivo en un entorno saturado como el actual, donde la atenci\u00f3n de los p\u00fablicos es el principal desaf\u00edo para las marcas a la hora de cautivarlos.<\/p>\n<p>En este diplomado revisaremos las bases del Storytelling como propuesta y disciplina, sus fundamentos y aplicaciones; as\u00ed como las herramientas que debemos trabajar para desarrollar un plan de Storytelling y las maneras de aplicarlo a una marca para el cumplimiento de sus objetivos estrat\u00e9gicos.<\/p>\n","avalado_por":false,"pdf_brochure":false,"preguntas_frecuentes":false,"titulo":"Diploma en Storytelling y Brand Storytelling","mostrar_form":false,"mostrar_boton_compra":true,"url_cursado_webinar":"","activar_nuevos_banners":false,"mostrar_banner_1":false,"crear_banner_1":{"utilizar_imagen_unica_para_banner":false,"asignar_imagen_unica_para_banner":false,"mostrar_titulo_banner":false,"titulo_para_banner":"","mostrar_subtitulo_banner":false,"subtitulo_del_banner":"","mostrar_cta_banner":false,"texto_cta_banner":"","url_cta_banner":"","fondo_de_color_banner":"","fondo_de_imagen_banner":false,"mostrar_imagen_izquierda_banner":false,"asignar_imagen_izquierda_banner":false},"mostrar_banner_2":false,"crear_banner_2":{"utilizar_imagen_unica_para_banner":false,"asignar_imagen_unica_para_banner":false,"mostrar_titulo_banner":false,"titulo_para_banner":"","mostrar_subtitulo_banner":false,"subtitulo_del_banner":"","mostrar_cta_banner":false,"texto_cta_banner":"","url_cta_banner":"","fondo_de_color_banner":"","fondo_de_imagen_banner":false,"mostrar_imagen_izquierda_banner":false,"asignar_imagen_izquierda_banner":false},"mostrar_banner_3":false,"crear_banner_3":{"utilizar_imagen_unica_para_banner":false,"asignar_imagen_unica_para_banner":false,"mostrar_titulo_banner":false,"titulo_para_banner":"","mostrar_subtitulo_banner":false,"subtitulo_del_banner":"","mostrar_cta_banner":false,"texto_cta_banner":"","url_cta_banner":"","fondo_de_color_banner":"","fondo_de_imagen_banner":false,"mostrar_imagen_izquierda_banner":false,"asignar_imagen_izquierda_banner":false},"mostrar_precio":false},"yoast_head":"<!-- This site is optimized with the Yoast SEO plugin v23.0 - https:\/\/yoast.com\/wordpress\/plugins\/seo\/ -->\n<title>Diploma en Storytelling y Brand Storytelling - Capabilia<\/title>\n<meta name=\"robots\" content=\"index, follow, max-snippet:-1, max-image-preview:large, max-video-preview:-1\" \/>\n<link rel=\"canonical\" href=\"https:\/\/elearning.uaifa.org\/en\/product\/diploma-en-storytelling-y-brand-storytelling\/\" \/>\n<meta property=\"og:locale\" content=\"en_US\" \/>\n<meta property=\"og:type\" content=\"article\" \/>\n<meta property=\"og:title\" content=\"Diploma en Storytelling y Brand Storytelling\" \/>\n<meta property=\"og:description\" content=\"En este diplomado revisaremos las bases del Storytelling como propuesta y disciplina, sus fundamentos y aplicaciones; as\u00ed como las herramientas que debemos trabajar para desarrollar un plan de Storytelling y las maneras de aplicarlo.\" \/>\n<meta property=\"og:url\" content=\"https:\/\/elearning.uaifa.org\/en\/product\/diploma-en-storytelling-y-brand-storytelling\/\" \/>\n<meta property=\"og:site_name\" content=\"Capabilia\" \/>\n<meta property=\"article:modified_time\" content=\"2022-07-01T01:23:28+00:00\" \/>\n<meta property=\"og:image\" content=\"https:\/\/static.capabiliaserver.com\/frontend\/clients\/claeh\/wp_dev\/wp-content\/uploads\/f734bf64-diplomado-en-storytelling-y-brand-storytelling.jpg-1.jpg\" \/>\n\t<meta property=\"og:image:width\" content=\"1200\" \/>\n\t<meta property=\"og:image:height\" content=\"1200\" \/>\n\t<meta property=\"og:image:type\" content=\"image\/jpeg\" \/>\n<meta name=\"twitter:card\" content=\"summary_large_image\" \/>\n<meta name=\"twitter:title\" content=\"Diploma en Storytelling y Brand Storytelling\" \/>\n<meta name=\"twitter:description\" content=\"En este diplomado revisaremos las bases del Storytelling como propuesta y disciplina, sus fundamentos y aplicaciones; as\u00ed como las herramientas que debemos trabajar para desarrollar un plan de Storytelling y las maneras de aplicarlo.\" \/>\n<meta name=\"twitter:image\" content=\"https:\/\/static.capabiliaserver.com\/frontend\/clients\/claeh\/wp_dev\/wp-content\/uploads\/f734bf64-diplomado-en-storytelling-y-brand-storytelling.jpg-1.jpg\" \/>\n<meta name=\"twitter:label1\" content=\"Est. reading time\" \/>\n\t<meta name=\"twitter:data1\" content=\"1 minute\" \/>\n<script type=\"application\/ld+json\" class=\"yoast-schema-graph\">{\"@context\":\"https:\/\/schema.org\",\"@graph\":[{\"@type\":\"WebPage\",\"@id\":\"https:\/\/elearning.uaifa.org\/en\/product\/diploma-en-storytelling-y-brand-storytelling\/\",\"url\":\"https:\/\/elearning.uaifa.org\/en\/product\/diploma-en-storytelling-y-brand-storytelling\/\",\"name\":\"Diploma en Storytelling y Brand Storytelling - Capabilia\",\"isPartOf\":{\"@id\":\"https:\/\/elearning.uaifa.org\/#website\"},\"datePublished\":\"2022-02-01T19:24:40+00:00\",\"dateModified\":\"2022-07-01T01:23:28+00:00\",\"breadcrumb\":{\"@id\":\"https:\/\/elearning.uaifa.org\/en\/product\/diploma-en-storytelling-y-brand-storytelling\/#breadcrumb\"},\"inLanguage\":\"en-US\",\"potentialAction\":[{\"@type\":\"ReadAction\",\"target\":[\"https:\/\/elearning.uaifa.org\/en\/product\/diploma-en-storytelling-y-brand-storytelling\/\"]}]},{\"@type\":\"BreadcrumbList\",\"@id\":\"https:\/\/elearning.uaifa.org\/en\/product\/diploma-en-storytelling-y-brand-storytelling\/#breadcrumb\",\"itemListElement\":[{\"@type\":\"ListItem\",\"position\":1,\"name\":\"Productos\",\"item\":\"https:\/\/elearning.uaifa.org\/product\/\"},{\"@type\":\"ListItem\",\"position\":2,\"name\":\"Diploma en Storytelling y Brand Storytelling\"}]},{\"@type\":\"WebSite\",\"@id\":\"https:\/\/elearning.uaifa.org\/#website\",\"url\":\"https:\/\/elearning.uaifa.org\/\",\"name\":\"Capabilia\",\"description\":\"\",\"potentialAction\":[{\"@type\":\"SearchAction\",\"target\":{\"@type\":\"EntryPoint\",\"urlTemplate\":\"https:\/\/elearning.uaifa.org\/?s={search_term_string}\"},\"query-input\":\"required name=search_term_string\"}],\"inLanguage\":\"en-US\"}]}<\/script>\n<!-- \/ Yoast SEO plugin. -->","yoast_head_json":{"title":"Diploma en Storytelling y Brand Storytelling - Capabilia","robots":{"index":"index","follow":"follow","max-snippet":"max-snippet:-1","max-image-preview":"max-image-preview:large","max-video-preview":"max-video-preview:-1"},"canonical":"https:\/\/elearning.uaifa.org\/en\/product\/diploma-en-storytelling-y-brand-storytelling\/","og_locale":"en_US","og_type":"article","og_title":"Diploma en Storytelling y Brand Storytelling","og_description":"En este diplomado revisaremos las bases del Storytelling como propuesta y disciplina, sus fundamentos y aplicaciones; as\u00ed como las herramientas que debemos trabajar para desarrollar un plan de Storytelling y las maneras de aplicarlo.","og_url":"https:\/\/elearning.uaifa.org\/en\/product\/diploma-en-storytelling-y-brand-storytelling\/","og_site_name":"Capabilia","article_modified_time":"2022-07-01T01:23:28+00:00","og_image":[{"width":1200,"height":1200,"url":"https:\/\/static.capabiliaserver.com\/frontend\/clients\/claeh\/wp_dev\/wp-content\/uploads\/f734bf64-diplomado-en-storytelling-y-brand-storytelling.jpg-1.jpg","type":"image\/jpeg"}],"twitter_card":"summary_large_image","twitter_title":"Diploma en Storytelling y Brand Storytelling","twitter_description":"En este diplomado revisaremos las bases del Storytelling como propuesta y disciplina, sus fundamentos y aplicaciones; as\u00ed como las herramientas que debemos trabajar para desarrollar un plan de Storytelling y las maneras de aplicarlo.","twitter_image":"https:\/\/static.capabiliaserver.com\/frontend\/clients\/claeh\/wp_dev\/wp-content\/uploads\/f734bf64-diplomado-en-storytelling-y-brand-storytelling.jpg-1.jpg","twitter_misc":{"Est. reading time":"1 minute"},"schema":{"@context":"https:\/\/schema.org","@graph":[{"@type":"WebPage","@id":"https:\/\/elearning.uaifa.org\/en\/product\/diploma-en-storytelling-y-brand-storytelling\/","url":"https:\/\/elearning.uaifa.org\/en\/product\/diploma-en-storytelling-y-brand-storytelling\/","name":"Diploma en Storytelling y Brand Storytelling - Capabilia","isPartOf":{"@id":"https:\/\/elearning.uaifa.org\/#website"},"datePublished":"2022-02-01T19:24:40+00:00","dateModified":"2022-07-01T01:23:28+00:00","breadcrumb":{"@id":"https:\/\/elearning.uaifa.org\/en\/product\/diploma-en-storytelling-y-brand-storytelling\/#breadcrumb"},"inLanguage":"en-US","potentialAction":[{"@type":"ReadAction","target":["https:\/\/elearning.uaifa.org\/en\/product\/diploma-en-storytelling-y-brand-storytelling\/"]}]},{"@type":"BreadcrumbList","@id":"https:\/\/elearning.uaifa.org\/en\/product\/diploma-en-storytelling-y-brand-storytelling\/#breadcrumb","itemListElement":[{"@type":"ListItem","position":1,"name":"Productos","item":"https:\/\/elearning.uaifa.org\/product\/"},{"@type":"ListItem","position":2,"name":"Diploma en Storytelling y Brand Storytelling"}]},{"@type":"WebSite","@id":"https:\/\/elearning.uaifa.org\/#website","url":"https:\/\/elearning.uaifa.org\/","name":"Capabilia","description":"","potentialAction":[{"@type":"SearchAction","target":{"@type":"EntryPoint","urlTemplate":"https:\/\/elearning.uaifa.org\/?s={search_term_string}"},"query-input":"required name=search_term_string"}],"inLanguage":"en-US"}]}},"_links":{"self":[{"href":"https:\/\/elearning.uaifa.org\/en\/wp-json\/wp\/v2\/products\/652"}],"collection":[{"href":"https:\/\/elearning.uaifa.org\/en\/wp-json\/wp\/v2\/products"}],"about":[{"href":"https:\/\/elearning.uaifa.org\/en\/wp-json\/wp\/v2\/types\/product"}],"author":[{"embeddable":true,"href":"https:\/\/elearning.uaifa.org\/en\/wp-json\/wp\/v2\/users\/3"}],"replies":[{"embeddable":true,"href":"https:\/\/elearning.uaifa.org\/en\/wp-json\/wp\/v2\/comments?post=652"}],"version-history":[{"count":5,"href":"https:\/\/elearning.uaifa.org\/en\/wp-json\/wp\/v2\/products\/652\/revisions"}],"predecessor-version":[{"id":1343,"href":"https:\/\/elearning.uaifa.org\/en\/wp-json\/wp\/v2\/products\/652\/revisions\/1343"}],"wp:attachment":[{"href":"https:\/\/elearning.uaifa.org\/en\/wp-json\/wp\/v2\/media?parent=652"}],"wp:term":[{"taxonomy":"category","embeddable":true,"href":"https:\/\/elearning.uaifa.org\/en\/wp-json\/wp\/v2\/categories?post=652"}],"curies":[{"name":"wp","href":"https:\/\/api.w.org\/{rel}","templated":true}]}}