{"id":642,"date":"2022-02-02T18:47:02","date_gmt":"2022-02-02T18:47:02","guid":{"rendered":"https:\/\/elearning.uaifa.org\/?post_type=product&#038;p=642"},"modified":"2022-07-01T01:13:48","modified_gmt":"2022-07-01T01:13:48","slug":"diploma-en-diseno-comunicacion-y-estilismo-en-moda","status":"publish","type":"product","link":"https:\/\/elearning.uaifa.org\/en\/product\/diploma-en-diseno-comunicacion-y-estilismo-en-moda\/","title":{"rendered":"Diploma en Dise\u00f1o, Comunicaci\u00f3n y Estilismo en moda"},"content":{"rendered":"<p>contenido<\/p>\n","protected":false},"excerpt":{"rendered":"<p>excerpt<\/p>\n","protected":false},"author":3,"featured_media":0,"comment_status":"open","ping_status":"closed","template":"","meta":{"_acf_changed":false,"footnotes":""},"categories":[16],"class_list":["post-642","product","type-product","status-publish","hentry","category-producto-claeh-en"],"acf":{"external_id":"1240","titulo_curso":"Diploma en Dise\u00f1o, comunicaci\u00f3n y estilismo en moda","precio":"","impartido_en":"Castellano","id_magento":"16","hubspot_product_id":"59342640","imagen_destacada":"https:\/\/static.capabiliaserver.com\/frontend\/clients\/claeh\/wp_dev\/wp-content\/uploads\/b52c8fc6-diplomado-en-disen\u0303o-comunicacio\u0301n-y-estilismo-de-moda-.jpg.jpg","header_image":"https:\/\/static.capabiliaserver.com\/frontend\/clients\/claeh\/wp_dev\/wp-content\/uploads\/b52c8fc6-diplomado-en-disen\u0303o-comunicacio\u0301n-y-estilismo-de-moda-.jpg.jpg","precio_en_cuotas":"","precio_de_lista":"","promocion_vigente":"","duracion_del_curso":"4 meses","tipo_de_programa":"Educaci\u00f3n Continua","fecha_de_inicio":"","segunda_fecha_de_inicio":"","zona_horaria":"America\/Los_Angeles","nivel_del_curso":"B\u00e1sico","modalidad":"100% online","dedicacion":"","contenido":"<p>Sabemos que la moda como fen\u00f3meno cultural, social y comercial, se reinventa de manera permanente y se superpotencia. Desde la aparici\u00f3n de las redes sociales, junto con sus l\u00edderes de opini\u00f3n y el propio p\u00fablico que permiti\u00f3 se aceleren los procesos de tr\u00e1fico de informaci\u00f3n tanto de la marca como de sus productos, por lo cual es muy importante alinear el sentido de la colecci\u00f3n con el devenir de las propuestas comunicacionales y as\u00ed complementar al mismo tiempo el discurso propio de marca.<\/p>\n<p>Observando este contexto, el \u201cDiplomado en Dise\u00f1o, comunicaci\u00f3n y Estilismo de Moda\u201d tiene como prop\u00f3sito acercar conocimientos a los responsables de las marcas (dise\u00f1adores, encargados de marketing, comunicadores, due\u00f1os de empresas, emprendedores, aficionados) que potencien y fomenten la participaci\u00f3n en las decisiones no necesariamente segmentando las tareas de su especialidad, sino aprendiendo del trabajo en equipo y capacit\u00e1ndose de manera complementaria en competencias que se adecuan a los tiempos que corren, para no tan solo aggiornarse a las tendencias del entorno sino prepararse para un devenir cada vez m\u00e1s cambiante que desaf\u00eda a los profesionales a desarrollarse en escenarios mucho m\u00e1s complejos.<\/p>\n","avalado_por":false,"pdf_brochure":false,"preguntas_frecuentes":false,"titulo":" Diplomado en Dise\u00f1o, Comunicaci\u00f3n y Estilismo de Moda","mostrar_form":false,"mostrar_boton_compra":true,"url_cursado_webinar":"","activar_nuevos_banners":false,"mostrar_banner_1":false,"crear_banner_1":{"utilizar_imagen_unica_para_banner":false,"asignar_imagen_unica_para_banner":false,"mostrar_titulo_banner":false,"titulo_para_banner":"","mostrar_subtitulo_banner":false,"subtitulo_del_banner":"","mostrar_cta_banner":false,"texto_cta_banner":"","url_cta_banner":"","fondo_de_color_banner":"","fondo_de_imagen_banner":false,"mostrar_imagen_izquierda_banner":false,"asignar_imagen_izquierda_banner":false},"mostrar_banner_2":false,"crear_banner_2":{"utilizar_imagen_unica_para_banner":false,"asignar_imagen_unica_para_banner":false,"mostrar_titulo_banner":false,"titulo_para_banner":"","mostrar_subtitulo_banner":false,"subtitulo_del_banner":"","mostrar_cta_banner":false,"texto_cta_banner":"","url_cta_banner":"","fondo_de_color_banner":"","fondo_de_imagen_banner":false,"mostrar_imagen_izquierda_banner":false,"asignar_imagen_izquierda_banner":false},"mostrar_banner_3":false,"crear_banner_3":{"utilizar_imagen_unica_para_banner":false,"asignar_imagen_unica_para_banner":false,"mostrar_titulo_banner":false,"titulo_para_banner":"","mostrar_subtitulo_banner":false,"subtitulo_del_banner":"","mostrar_cta_banner":false,"texto_cta_banner":"","url_cta_banner":"","fondo_de_color_banner":"","fondo_de_imagen_banner":false,"mostrar_imagen_izquierda_banner":false,"asignar_imagen_izquierda_banner":false},"mostrar_precio":false},"yoast_head":"<!-- This site is optimized with the Yoast SEO plugin v23.0 - https:\/\/yoast.com\/wordpress\/plugins\/seo\/ -->\n<title>Diploma en Dise\u00f1o, Comunicaci\u00f3n y Estilismo en moda - Capabilia<\/title>\n<meta name=\"description\" content=\"El diplomado tiene como prop\u00f3sito acercar conocimientos a los responsables de las marcas que potencien y fomenten la participaci\u00f3n en las decisiones no necesariamente segmentando las tareas de su especialidad, sino aprendiendo del trabajo en equipo.\" \/>\n<meta name=\"robots\" content=\"index, follow, max-snippet:-1, max-image-preview:large, max-video-preview:-1\" \/>\n<link rel=\"canonical\" href=\"https:\/\/elearning.uaifa.org\/en\/product\/diploma-en-diseno-comunicacion-y-estilismo-en-moda\/\" \/>\n<meta property=\"og:locale\" content=\"en_US\" \/>\n<meta property=\"og:type\" content=\"article\" \/>\n<meta property=\"og:title\" content=\"Diplomado en Dise\u00f1o, Comunicaci\u00f3n y Estilismo de Moda\" \/>\n<meta property=\"og:description\" content=\"El diplomado tiene como prop\u00f3sito acercar conocimientos a los responsables de las marcas que potencien y fomenten la participaci\u00f3n en las decisiones no necesariamente segmentando las tareas de su especialidad, sino aprendiendo del trabajo en equipo.\" \/>\n<meta property=\"og:url\" content=\"https:\/\/elearning.uaifa.org\/en\/product\/diploma-en-diseno-comunicacion-y-estilismo-en-moda\/\" \/>\n<meta property=\"og:site_name\" content=\"Capabilia\" \/>\n<meta property=\"article:modified_time\" content=\"2022-07-01T01:13:48+00:00\" \/>\n<meta property=\"og:image\" content=\"https:\/\/static.capabiliaserver.com\/frontend\/clients\/claeh\/wp_dev\/wp-content\/uploads\/589c4a02-diplomado-en-diseno-comunicacion-y-estilismo-de-moda-.jpg.jpg\" \/>\n\t<meta property=\"og:image:width\" content=\"1200\" \/>\n\t<meta property=\"og:image:height\" content=\"1200\" \/>\n\t<meta property=\"og:image:type\" content=\"image\/jpeg\" \/>\n<meta name=\"twitter:card\" content=\"summary_large_image\" \/>\n<meta name=\"twitter:title\" content=\"Diplomado en Dise\u00f1o, Comunicaci\u00f3n y Estilismo de Moda\" \/>\n<meta name=\"twitter:description\" content=\"El diplomado tiene como prop\u00f3sito acercar conocimientos a los responsables de las marcas que potencien y fomenten la participaci\u00f3n en las decisiones no necesariamente segmentando las tareas de su especialidad, sino aprendiendo del trabajo en equipo.\" \/>\n<meta name=\"twitter:image\" content=\"https:\/\/static.capabiliaserver.com\/frontend\/clients\/claeh\/wp_dev\/wp-content\/uploads\/589c4a02-diplomado-en-diseno-comunicacion-y-estilismo-de-moda-.jpg.jpg\" \/>\n<meta name=\"twitter:label1\" content=\"Est. reading time\" \/>\n\t<meta name=\"twitter:data1\" content=\"1 minute\" \/>\n<script type=\"application\/ld+json\" class=\"yoast-schema-graph\">{\"@context\":\"https:\/\/schema.org\",\"@graph\":[{\"@type\":\"WebPage\",\"@id\":\"https:\/\/elearning.uaifa.org\/en\/product\/diploma-en-diseno-comunicacion-y-estilismo-en-moda\/\",\"url\":\"https:\/\/elearning.uaifa.org\/en\/product\/diploma-en-diseno-comunicacion-y-estilismo-en-moda\/\",\"name\":\"Diploma en Dise\u00f1o, Comunicaci\u00f3n y Estilismo en moda - Capabilia\",\"isPartOf\":{\"@id\":\"https:\/\/elearning.uaifa.org\/#website\"},\"datePublished\":\"2022-02-02T18:47:02+00:00\",\"dateModified\":\"2022-07-01T01:13:48+00:00\",\"description\":\"El diplomado tiene como prop\u00f3sito acercar conocimientos a los responsables de las marcas que potencien y fomenten la participaci\u00f3n en las decisiones no necesariamente segmentando las tareas de su especialidad, sino aprendiendo del trabajo en equipo.\",\"breadcrumb\":{\"@id\":\"https:\/\/elearning.uaifa.org\/en\/product\/diploma-en-diseno-comunicacion-y-estilismo-en-moda\/#breadcrumb\"},\"inLanguage\":\"en-US\",\"potentialAction\":[{\"@type\":\"ReadAction\",\"target\":[\"https:\/\/elearning.uaifa.org\/en\/product\/diploma-en-diseno-comunicacion-y-estilismo-en-moda\/\"]}]},{\"@type\":\"BreadcrumbList\",\"@id\":\"https:\/\/elearning.uaifa.org\/en\/product\/diploma-en-diseno-comunicacion-y-estilismo-en-moda\/#breadcrumb\",\"itemListElement\":[{\"@type\":\"ListItem\",\"position\":1,\"name\":\"Productos\",\"item\":\"https:\/\/elearning.uaifa.org\/product\/\"},{\"@type\":\"ListItem\",\"position\":2,\"name\":\"Diploma en Dise\u00f1o, Comunicaci\u00f3n y Estilismo en moda\"}]},{\"@type\":\"WebSite\",\"@id\":\"https:\/\/elearning.uaifa.org\/#website\",\"url\":\"https:\/\/elearning.uaifa.org\/\",\"name\":\"Capabilia\",\"description\":\"\",\"potentialAction\":[{\"@type\":\"SearchAction\",\"target\":{\"@type\":\"EntryPoint\",\"urlTemplate\":\"https:\/\/elearning.uaifa.org\/?s={search_term_string}\"},\"query-input\":\"required name=search_term_string\"}],\"inLanguage\":\"en-US\"}]}<\/script>\n<!-- \/ Yoast SEO plugin. -->","yoast_head_json":{"title":"Diploma en Dise\u00f1o, Comunicaci\u00f3n y Estilismo en moda - Capabilia","description":"El diplomado tiene como prop\u00f3sito acercar conocimientos a los responsables de las marcas que potencien y fomenten la participaci\u00f3n en las decisiones no necesariamente segmentando las tareas de su especialidad, sino aprendiendo del trabajo en equipo.","robots":{"index":"index","follow":"follow","max-snippet":"max-snippet:-1","max-image-preview":"max-image-preview:large","max-video-preview":"max-video-preview:-1"},"canonical":"https:\/\/elearning.uaifa.org\/en\/product\/diploma-en-diseno-comunicacion-y-estilismo-en-moda\/","og_locale":"en_US","og_type":"article","og_title":"Diplomado en Dise\u00f1o, Comunicaci\u00f3n y Estilismo de Moda","og_description":"El diplomado tiene como prop\u00f3sito acercar conocimientos a los responsables de las marcas que potencien y fomenten la participaci\u00f3n en las decisiones no necesariamente segmentando las tareas de su especialidad, sino aprendiendo del trabajo en equipo.","og_url":"https:\/\/elearning.uaifa.org\/en\/product\/diploma-en-diseno-comunicacion-y-estilismo-en-moda\/","og_site_name":"Capabilia","article_modified_time":"2022-07-01T01:13:48+00:00","og_image":[{"width":1200,"height":1200,"url":"https:\/\/static.capabiliaserver.com\/frontend\/clients\/claeh\/wp_dev\/wp-content\/uploads\/589c4a02-diplomado-en-diseno-comunicacion-y-estilismo-de-moda-.jpg.jpg","type":"image\/jpeg"}],"twitter_card":"summary_large_image","twitter_title":"Diplomado en Dise\u00f1o, Comunicaci\u00f3n y Estilismo de Moda","twitter_description":"El diplomado tiene como prop\u00f3sito acercar conocimientos a los responsables de las marcas que potencien y fomenten la participaci\u00f3n en las decisiones no necesariamente segmentando las tareas de su especialidad, sino aprendiendo del trabajo en equipo.","twitter_image":"https:\/\/static.capabiliaserver.com\/frontend\/clients\/claeh\/wp_dev\/wp-content\/uploads\/589c4a02-diplomado-en-diseno-comunicacion-y-estilismo-de-moda-.jpg.jpg","twitter_misc":{"Est. reading time":"1 minute"},"schema":{"@context":"https:\/\/schema.org","@graph":[{"@type":"WebPage","@id":"https:\/\/elearning.uaifa.org\/en\/product\/diploma-en-diseno-comunicacion-y-estilismo-en-moda\/","url":"https:\/\/elearning.uaifa.org\/en\/product\/diploma-en-diseno-comunicacion-y-estilismo-en-moda\/","name":"Diploma en Dise\u00f1o, Comunicaci\u00f3n y Estilismo en moda - Capabilia","isPartOf":{"@id":"https:\/\/elearning.uaifa.org\/#website"},"datePublished":"2022-02-02T18:47:02+00:00","dateModified":"2022-07-01T01:13:48+00:00","description":"El diplomado tiene como prop\u00f3sito acercar conocimientos a los responsables de las marcas que potencien y fomenten la participaci\u00f3n en las decisiones no necesariamente segmentando las tareas de su especialidad, sino aprendiendo del trabajo en equipo.","breadcrumb":{"@id":"https:\/\/elearning.uaifa.org\/en\/product\/diploma-en-diseno-comunicacion-y-estilismo-en-moda\/#breadcrumb"},"inLanguage":"en-US","potentialAction":[{"@type":"ReadAction","target":["https:\/\/elearning.uaifa.org\/en\/product\/diploma-en-diseno-comunicacion-y-estilismo-en-moda\/"]}]},{"@type":"BreadcrumbList","@id":"https:\/\/elearning.uaifa.org\/en\/product\/diploma-en-diseno-comunicacion-y-estilismo-en-moda\/#breadcrumb","itemListElement":[{"@type":"ListItem","position":1,"name":"Productos","item":"https:\/\/elearning.uaifa.org\/product\/"},{"@type":"ListItem","position":2,"name":"Diploma en Dise\u00f1o, Comunicaci\u00f3n y Estilismo en moda"}]},{"@type":"WebSite","@id":"https:\/\/elearning.uaifa.org\/#website","url":"https:\/\/elearning.uaifa.org\/","name":"Capabilia","description":"","potentialAction":[{"@type":"SearchAction","target":{"@type":"EntryPoint","urlTemplate":"https:\/\/elearning.uaifa.org\/?s={search_term_string}"},"query-input":"required name=search_term_string"}],"inLanguage":"en-US"}]}},"_links":{"self":[{"href":"https:\/\/elearning.uaifa.org\/en\/wp-json\/wp\/v2\/products\/642"}],"collection":[{"href":"https:\/\/elearning.uaifa.org\/en\/wp-json\/wp\/v2\/products"}],"about":[{"href":"https:\/\/elearning.uaifa.org\/en\/wp-json\/wp\/v2\/types\/product"}],"author":[{"embeddable":true,"href":"https:\/\/elearning.uaifa.org\/en\/wp-json\/wp\/v2\/users\/3"}],"replies":[{"embeddable":true,"href":"https:\/\/elearning.uaifa.org\/en\/wp-json\/wp\/v2\/comments?post=642"}],"version-history":[{"count":5,"href":"https:\/\/elearning.uaifa.org\/en\/wp-json\/wp\/v2\/products\/642\/revisions"}],"predecessor-version":[{"id":1311,"href":"https:\/\/elearning.uaifa.org\/en\/wp-json\/wp\/v2\/products\/642\/revisions\/1311"}],"wp:attachment":[{"href":"https:\/\/elearning.uaifa.org\/en\/wp-json\/wp\/v2\/media?parent=642"}],"wp:term":[{"taxonomy":"category","embeddable":true,"href":"https:\/\/elearning.uaifa.org\/en\/wp-json\/wp\/v2\/categories?post=642"}],"curies":[{"name":"wp","href":"https:\/\/api.w.org\/{rel}","templated":true}]}}