{"id":622,"date":"2022-02-02T18:14:51","date_gmt":"2022-02-02T18:14:51","guid":{"rendered":"https:\/\/elearning.uaifa.org\/?post_type=product&#038;p=622"},"modified":"2022-07-01T01:24:43","modified_gmt":"2022-07-01T01:24:43","slug":"diplomado-en-gestion-y-marketing-de-moda","status":"publish","type":"product","link":"https:\/\/elearning.uaifa.org\/en\/product\/diplomado-en-gestion-y-marketing-de-moda\/","title":{"rendered":"Diplomado en Gesti\u00f3n y Marketing de Moda"},"content":{"rendered":"<p>contenido<\/p>\n","protected":false},"excerpt":{"rendered":"<p>excerpt<\/p>\n","protected":false},"author":3,"featured_media":0,"comment_status":"open","ping_status":"closed","template":"","meta":{"_acf_changed":false,"footnotes":""},"categories":[16],"class_list":["post-622","product","type-product","status-publish","hentry","category-producto-claeh-en"],"acf":{"external_id":"1230","titulo_curso":"Diploma en Gesti\u00f3n y Marketing de moda","precio":"","impartido_en":"Castellano","id_magento":"6","hubspot_product_id":"59343849","imagen_destacada":"https:\/\/static.capabiliaserver.com\/frontend\/clients\/claeh\/wp_dev\/wp-content\/uploads\/0fb6b072-diplomado-en-gestio\u0301n-de-marketing-de-moda-.jpg.jpg","header_image":"https:\/\/static.capabiliaserver.com\/frontend\/clients\/claeh\/wp_dev\/wp-content\/uploads\/0fb6b072-diplomado-en-gestio\u0301n-de-marketing-de-moda-.jpg.jpg","precio_en_cuotas":"","precio_de_lista":"","promocion_vigente":"","duracion_del_curso":"4 meses","tipo_de_programa":"Educaci\u00f3n Continua","fecha_de_inicio":"","segunda_fecha_de_inicio":"","zona_horaria":"America\/Los_Angeles","nivel_del_curso":"B\u00e1sico","modalidad":"100% online","dedicacion":"","contenido":"<p>En los \u00faltimos a\u00f1os, el espacio en que el profesional del sector moda desarrolla su actividad ha variado sustancialmente. Los cambios en el consumo y la incorporaci\u00f3n de las Tecnolog\u00edas de la Informaci\u00f3n y de la Comunicaci\u00f3n a los sistemas y m\u00e9todos de trabajo exigen nuevas formas de ejercer su labor. La complejidad del sistema moda actual demanda un dise\u00f1ador muy distante del creador, inmerso en su obra del siglo pasado.<\/p>\n<p>Este nuevo profesional requiere de habilidades m\u00e1s amplias y, en muchos casos, de un equipo de expertos que domine no solamente aspectos vinculados con la producci\u00f3n y el dise\u00f1o, sino tambi\u00e9n con la estrategia de comunicaci\u00f3n y comercializaci\u00f3n, relaciones p\u00fablicas, publicidad, comunicaci\u00f3n a trav\u00e9s de medios digitales, organizaci\u00f3n de eventos, sistemas de franquicias y patrocinios. Este programa te permitir\u00e1 perfeccionar tus habilidades, o bien desarrollar nuevas competencias, vinculadas con la gesti\u00f3n, la comunicaci\u00f3n y el marketing para crear y posicionar una marca de moda.<\/p>\n","avalado_por":false,"pdf_brochure":false,"preguntas_frecuentes":false,"titulo":"Diplomado en Gesti\u00f3n y Marketing de Moda","mostrar_form":false,"mostrar_boton_compra":true,"url_cursado_webinar":"","activar_nuevos_banners":false,"mostrar_banner_1":false,"crear_banner_1":{"utilizar_imagen_unica_para_banner":false,"asignar_imagen_unica_para_banner":false,"mostrar_titulo_banner":false,"titulo_para_banner":"","mostrar_subtitulo_banner":false,"subtitulo_del_banner":"","mostrar_cta_banner":false,"texto_cta_banner":"","url_cta_banner":"","fondo_de_color_banner":"","fondo_de_imagen_banner":false,"mostrar_imagen_izquierda_banner":false,"asignar_imagen_izquierda_banner":false},"mostrar_banner_2":false,"crear_banner_2":{"utilizar_imagen_unica_para_banner":false,"asignar_imagen_unica_para_banner":false,"mostrar_titulo_banner":false,"titulo_para_banner":"","mostrar_subtitulo_banner":false,"subtitulo_del_banner":"","mostrar_cta_banner":false,"texto_cta_banner":"","url_cta_banner":"","fondo_de_color_banner":"","fondo_de_imagen_banner":false,"mostrar_imagen_izquierda_banner":false,"asignar_imagen_izquierda_banner":false},"mostrar_banner_3":false,"crear_banner_3":{"utilizar_imagen_unica_para_banner":false,"asignar_imagen_unica_para_banner":false,"mostrar_titulo_banner":false,"titulo_para_banner":"","mostrar_subtitulo_banner":false,"subtitulo_del_banner":"","mostrar_cta_banner":false,"texto_cta_banner":"","url_cta_banner":"","fondo_de_color_banner":"","fondo_de_imagen_banner":false,"mostrar_imagen_izquierda_banner":false,"asignar_imagen_izquierda_banner":false},"mostrar_precio":false},"yoast_head":"<!-- This site is optimized with the Yoast SEO plugin v23.0 - https:\/\/yoast.com\/wordpress\/plugins\/seo\/ -->\n<title>Diplomado en Gesti\u00f3n y Marketing de Moda - Capabilia<\/title>\n<meta name=\"description\" content=\"Este programa te permitir\u00e1 perfeccionar tus habilidades, o bien desarrollar nuevas competencias, vinculadas con la gesti\u00f3n, la comunicaci\u00f3n y el marketing para crear y posicionar una marca de moda.\" \/>\n<meta name=\"robots\" content=\"index, follow, max-snippet:-1, max-image-preview:large, max-video-preview:-1\" \/>\n<link rel=\"canonical\" href=\"https:\/\/elearning.uaifa.org\/en\/product\/diplomado-en-gestion-y-marketing-de-moda\/\" \/>\n<meta property=\"og:locale\" content=\"en_US\" \/>\n<meta property=\"og:type\" content=\"article\" \/>\n<meta property=\"og:title\" content=\"Diplomado en Gesti\u00f3n y Marketing de Moda\" \/>\n<meta property=\"og:description\" content=\"Este programa te permitir\u00e1 perfeccionar tus habilidades, o bien desarrollar nuevas competencias, vinculadas con la gesti\u00f3n, la comunicaci\u00f3n y el marketing para crear y posicionar una marca de moda.\" \/>\n<meta property=\"og:url\" content=\"https:\/\/elearning.uaifa.org\/en\/product\/diplomado-en-gestion-y-marketing-de-moda\/\" \/>\n<meta property=\"og:site_name\" content=\"Capabilia\" \/>\n<meta property=\"article:modified_time\" content=\"2022-07-01T01:24:43+00:00\" \/>\n<meta property=\"og:image\" content=\"https:\/\/static.capabiliaserver.com\/frontend\/clients\/claeh\/wp_dev\/wp-content\/uploads\/6439be2e-diplomado-en-gestion-de-marketing-de-moda-.jpg.jpg\" \/>\n\t<meta property=\"og:image:width\" content=\"1200\" \/>\n\t<meta property=\"og:image:height\" content=\"1200\" \/>\n\t<meta property=\"og:image:type\" content=\"image\/jpeg\" \/>\n<meta name=\"twitter:card\" content=\"summary_large_image\" \/>\n<meta name=\"twitter:title\" content=\"Diplomado en Gesti\u00f3n y Marketing de Moda\" \/>\n<meta name=\"twitter:description\" content=\"Este programa te permitir\u00e1 perfeccionar tus habilidades, o bien desarrollar nuevas competencias, vinculadas con la gesti\u00f3n, la comunicaci\u00f3n y el marketing para crear y posicionar una marca de moda.\" \/>\n<meta name=\"twitter:image\" content=\"https:\/\/static.capabiliaserver.com\/frontend\/clients\/claeh\/wp_dev\/wp-content\/uploads\/6439be2e-diplomado-en-gestion-de-marketing-de-moda-.jpg.jpg\" \/>\n<meta name=\"twitter:label1\" content=\"Est. reading time\" \/>\n\t<meta name=\"twitter:data1\" content=\"1 minute\" \/>\n<script type=\"application\/ld+json\" class=\"yoast-schema-graph\">{\"@context\":\"https:\/\/schema.org\",\"@graph\":[{\"@type\":\"WebPage\",\"@id\":\"https:\/\/elearning.uaifa.org\/en\/product\/diplomado-en-gestion-y-marketing-de-moda\/\",\"url\":\"https:\/\/elearning.uaifa.org\/en\/product\/diplomado-en-gestion-y-marketing-de-moda\/\",\"name\":\"Diplomado en Gesti\u00f3n y Marketing de Moda - Capabilia\",\"isPartOf\":{\"@id\":\"https:\/\/elearning.uaifa.org\/#website\"},\"datePublished\":\"2022-02-02T18:14:51+00:00\",\"dateModified\":\"2022-07-01T01:24:43+00:00\",\"description\":\"Este programa te permitir\u00e1 perfeccionar tus habilidades, o bien desarrollar nuevas competencias, vinculadas con la gesti\u00f3n, la comunicaci\u00f3n y el marketing para crear y posicionar una marca de moda.\",\"breadcrumb\":{\"@id\":\"https:\/\/elearning.uaifa.org\/en\/product\/diplomado-en-gestion-y-marketing-de-moda\/#breadcrumb\"},\"inLanguage\":\"en-US\",\"potentialAction\":[{\"@type\":\"ReadAction\",\"target\":[\"https:\/\/elearning.uaifa.org\/en\/product\/diplomado-en-gestion-y-marketing-de-moda\/\"]}]},{\"@type\":\"BreadcrumbList\",\"@id\":\"https:\/\/elearning.uaifa.org\/en\/product\/diplomado-en-gestion-y-marketing-de-moda\/#breadcrumb\",\"itemListElement\":[{\"@type\":\"ListItem\",\"position\":1,\"name\":\"Productos\",\"item\":\"https:\/\/elearning.uaifa.org\/product\/\"},{\"@type\":\"ListItem\",\"position\":2,\"name\":\"Diplomado en Gesti\u00f3n y Marketing de Moda\"}]},{\"@type\":\"WebSite\",\"@id\":\"https:\/\/elearning.uaifa.org\/#website\",\"url\":\"https:\/\/elearning.uaifa.org\/\",\"name\":\"Capabilia\",\"description\":\"\",\"potentialAction\":[{\"@type\":\"SearchAction\",\"target\":{\"@type\":\"EntryPoint\",\"urlTemplate\":\"https:\/\/elearning.uaifa.org\/?s={search_term_string}\"},\"query-input\":\"required name=search_term_string\"}],\"inLanguage\":\"en-US\"}]}<\/script>\n<!-- \/ Yoast SEO plugin. -->","yoast_head_json":{"title":"Diplomado en Gesti\u00f3n y Marketing de Moda - Capabilia","description":"Este programa te permitir\u00e1 perfeccionar tus habilidades, o bien desarrollar nuevas competencias, vinculadas con la gesti\u00f3n, la comunicaci\u00f3n y el marketing para crear y posicionar una marca de moda.","robots":{"index":"index","follow":"follow","max-snippet":"max-snippet:-1","max-image-preview":"max-image-preview:large","max-video-preview":"max-video-preview:-1"},"canonical":"https:\/\/elearning.uaifa.org\/en\/product\/diplomado-en-gestion-y-marketing-de-moda\/","og_locale":"en_US","og_type":"article","og_title":"Diplomado en Gesti\u00f3n y Marketing de Moda","og_description":"Este programa te permitir\u00e1 perfeccionar tus habilidades, o bien desarrollar nuevas competencias, vinculadas con la gesti\u00f3n, la comunicaci\u00f3n y el marketing para crear y posicionar una marca de moda.","og_url":"https:\/\/elearning.uaifa.org\/en\/product\/diplomado-en-gestion-y-marketing-de-moda\/","og_site_name":"Capabilia","article_modified_time":"2022-07-01T01:24:43+00:00","og_image":[{"width":1200,"height":1200,"url":"https:\/\/static.capabiliaserver.com\/frontend\/clients\/claeh\/wp_dev\/wp-content\/uploads\/6439be2e-diplomado-en-gestion-de-marketing-de-moda-.jpg.jpg","type":"image\/jpeg"}],"twitter_card":"summary_large_image","twitter_title":"Diplomado en Gesti\u00f3n y Marketing de Moda","twitter_description":"Este programa te permitir\u00e1 perfeccionar tus habilidades, o bien desarrollar nuevas competencias, vinculadas con la gesti\u00f3n, la comunicaci\u00f3n y el marketing para crear y posicionar una marca de moda.","twitter_image":"https:\/\/static.capabiliaserver.com\/frontend\/clients\/claeh\/wp_dev\/wp-content\/uploads\/6439be2e-diplomado-en-gestion-de-marketing-de-moda-.jpg.jpg","twitter_misc":{"Est. reading time":"1 minute"},"schema":{"@context":"https:\/\/schema.org","@graph":[{"@type":"WebPage","@id":"https:\/\/elearning.uaifa.org\/en\/product\/diplomado-en-gestion-y-marketing-de-moda\/","url":"https:\/\/elearning.uaifa.org\/en\/product\/diplomado-en-gestion-y-marketing-de-moda\/","name":"Diplomado en Gesti\u00f3n y Marketing de Moda - Capabilia","isPartOf":{"@id":"https:\/\/elearning.uaifa.org\/#website"},"datePublished":"2022-02-02T18:14:51+00:00","dateModified":"2022-07-01T01:24:43+00:00","description":"Este programa te permitir\u00e1 perfeccionar tus habilidades, o bien desarrollar nuevas competencias, vinculadas con la gesti\u00f3n, la comunicaci\u00f3n y el marketing para crear y posicionar una marca de moda.","breadcrumb":{"@id":"https:\/\/elearning.uaifa.org\/en\/product\/diplomado-en-gestion-y-marketing-de-moda\/#breadcrumb"},"inLanguage":"en-US","potentialAction":[{"@type":"ReadAction","target":["https:\/\/elearning.uaifa.org\/en\/product\/diplomado-en-gestion-y-marketing-de-moda\/"]}]},{"@type":"BreadcrumbList","@id":"https:\/\/elearning.uaifa.org\/en\/product\/diplomado-en-gestion-y-marketing-de-moda\/#breadcrumb","itemListElement":[{"@type":"ListItem","position":1,"name":"Productos","item":"https:\/\/elearning.uaifa.org\/product\/"},{"@type":"ListItem","position":2,"name":"Diplomado en Gesti\u00f3n y Marketing de Moda"}]},{"@type":"WebSite","@id":"https:\/\/elearning.uaifa.org\/#website","url":"https:\/\/elearning.uaifa.org\/","name":"Capabilia","description":"","potentialAction":[{"@type":"SearchAction","target":{"@type":"EntryPoint","urlTemplate":"https:\/\/elearning.uaifa.org\/?s={search_term_string}"},"query-input":"required name=search_term_string"}],"inLanguage":"en-US"}]}},"_links":{"self":[{"href":"https:\/\/elearning.uaifa.org\/en\/wp-json\/wp\/v2\/products\/622"}],"collection":[{"href":"https:\/\/elearning.uaifa.org\/en\/wp-json\/wp\/v2\/products"}],"about":[{"href":"https:\/\/elearning.uaifa.org\/en\/wp-json\/wp\/v2\/types\/product"}],"author":[{"embeddable":true,"href":"https:\/\/elearning.uaifa.org\/en\/wp-json\/wp\/v2\/users\/3"}],"replies":[{"embeddable":true,"href":"https:\/\/elearning.uaifa.org\/en\/wp-json\/wp\/v2\/comments?post=622"}],"version-history":[{"count":5,"href":"https:\/\/elearning.uaifa.org\/en\/wp-json\/wp\/v2\/products\/622\/revisions"}],"predecessor-version":[{"id":1347,"href":"https:\/\/elearning.uaifa.org\/en\/wp-json\/wp\/v2\/products\/622\/revisions\/1347"}],"wp:attachment":[{"href":"https:\/\/elearning.uaifa.org\/en\/wp-json\/wp\/v2\/media?parent=622"}],"wp:term":[{"taxonomy":"category","embeddable":true,"href":"https:\/\/elearning.uaifa.org\/en\/wp-json\/wp\/v2\/categories?post=622"}],"curies":[{"name":"wp","href":"https:\/\/api.w.org\/{rel}","templated":true}]}}